{"id":466,"date":"2024-07-09T09:47:53","date_gmt":"2024-07-09T09:47:53","guid":{"rendered":"http:\/\/wearepallets.com\/mentions-legales\/"},"modified":"2024-10-23T10:04:59","modified_gmt":"2024-10-23T10:04:59","slug":"mentions-legales","status":"publish","type":"page","link":"https:\/\/wearepallets.com\/en\/mentions-legales\/","title":{"rendered":"Legal notices"},"content":{"rendered":"\n<div id=\"block_cbdf960a0ecb64a528a09feafbbf57cd\" class=\"spacer-block   \" style=\"height: 20vh;\"><\/div>\n\n\n<div class=\"wp-block-group is-style-default is-layout-constrained wp-block-group-is-layout-constrained\">\n<h2 class=\"wp-block-heading has-m-title-font-size\">Legal notices<\/h2>\n\n\n\n<div style=\"height:5px\" aria-hidden=\"true\" class=\"wp-block-spacer\"><\/div>\n\n\n\n<h3 class=\"wp-block-heading has-orange-color has-text-color has-link-color wp-elements-a0ee9b544e6574d40490a4f0c60cf19e\">WEAREPALLETS<\/h3>\n\n\n\n<p>Rue Cantelaudette, Immeuble Le Titanium, 33 310 LORMONT<br><a href=\"mailto:radman@wearepallets.com\" data-type=\"mailto\" data-id=\"mailto:radman@wearepallets.com\">radman@wearepallets.com<\/a><\/p>\n\n\n\n<p>EURL au Capital de 50 000 EUR<br>APE 7022Z<br>TVA FR64878881580 &#8211; 878 881 580 R.C.S. Bordeaux<br>SIRET 878 881 580 00012<\/p>\n\n\n\n<div style=\"height:5px\" aria-hidden=\"true\" class=\"wp-block-spacer\"><\/div>\n\n\n\n<h3 class=\"wp-block-heading has-orange-color has-text-color has-link-color wp-elements-ee9b806b50a44fde424077331cc0d029\">WebDesign &amp; Cr\u00e9ation<\/h3>\n\n\n\n<p><a href=\"https:\/\/socreativ.com\/\" data-type=\"link\" data-id=\"https:\/\/socreativ.com\/\" target=\"_blank\" rel=\"noreferrer noopener\">Agence S\u00f5creativ\u2019 [ design C\u00f5mmunicatif ]<br><\/a><a href=\"https:\/\/maps.app.goo.gl\/EPkMk7CSvtERPAkL8\" data-type=\"link\" data-id=\"https:\/\/maps.app.goo.gl\/EPkMk7CSvtERPAkL8\" target=\"_blank\" rel=\"noreferrer noopener\">H15, Quai des Chartrons ~ Bordeaux<\/a><\/p>\n\n\n\n<p><a href=\"https:\/\/socreativ.com\/\" data-type=\"link\" data-id=\"https:\/\/socreativ.com\/\" target=\"_blank\" rel=\"noreferrer noopener\">S\u00f5<strong>crea<\/strong>tiv<\/a>\u2019 et <a href=\"https:\/\/visiter-barcelone.com\/\" data-type=\"link\" data-id=\"https:\/\/visiter-barcelone.com\/\" target=\"_blank\" rel=\"noreferrer noopener\">Visiter-barcelone.com<\/a>, marque d\u00e9pos\u00e9es par S\u00f5creativ\u2019<\/p>\n\n\n\n<div style=\"height:5px\" aria-hidden=\"true\" class=\"wp-block-spacer\"><\/div>\n\n\n\n<h3 class=\"wp-block-heading has-orange-color has-text-color has-link-color wp-elements-95f0ed4cd02416496a5d3a680e45ba80\">H\u00e9bergement Serveurs &amp; Back-up<\/h3>\n\n\n\n<p>Soci\u00e9t\u00e9 OVH<br>2 rue Kellermann &#8211; Roubaix<br>http:\/\/ovh.com<\/p>\n\n\n\n<div style=\"height:5px\" aria-hidden=\"true\" class=\"wp-block-spacer\"><\/div>\n\n\n\n<h3 class=\"wp-block-heading has-orange-color has-text-color has-link-color wp-elements-de93c01674c15f3fc2154643ae2cc3a8\">L\u2019acc\u00e8s ou l\u2019exploitation de ce site vaut acceptation des pr\u00e9sentes dispositions<\/h3>\n\n\n\n<p>Le pr\u00e9sent site et les informations, noms, images, photographies, logos et ic\u00f4nes relatifs \u00e0, ou en rapport avec, WEAREPALLETS, ci-apr\u00e8s d\u00e9nomm\u00e9s WEAREPALLETS et\/ou leurs produits et services (ci-apr\u00e8s d\u00e9nomm\u00e9s \u00bb les informations \u00ab ) sont propos\u00e9s \u00ab tels quels \u00bb et \u00bb en fonction des disponibilit\u00e9s \u00bb. WEAREPALLETS ne d\u00e9clare ni ne garantit de quelque mani\u00e8re que ce soit, explicitement ou implicitement, que le site r\u00e9pond notamment \u00e0 un besoin particulier, qu\u2019il soit commercialisable, qu\u2019il soit exact, fiable ou complet. En outre, WEAREPALLETS d\u00e9cline toute responsabilit\u00e9 si le site ou le serveur qui le rend accessible \u00e9tait pourvu d\u2019un virus. Les publications de ce site peuvent contenir des inexactitudes de nature technique ou autre, ou des erreurs typographiques qui peuvent \u00eatre corrig\u00e9es \u00e0 la seule discr\u00e9tion de WEAREPALLETS. Toute correction et modification peuvent \u00eatre int\u00e9gr\u00e9es ult\u00e9rieurement dans ce site. WEAREPALLETS peut \u00e0 tout moment modifier, am\u00e9liorer et\/ou changer les modalit\u00e9s ou les informations pr\u00e9sent\u00e9es sur ce site ou encore les produits et services auxquels il est fait r\u00e9f\u00e9rence.<\/p>\n\n\n\n<div style=\"height:5px\" aria-hidden=\"true\" class=\"wp-block-spacer\"><\/div>\n\n\n\n<h3 class=\"wp-block-heading has-orange-color has-text-color has-link-color wp-elements-4e51229f1732ad0c1a47d66631ae4251\">Limite de responsabilit\u00e9<\/h3>\n\n\n\n<p>En aucun cas WEAREPALLETS ou ses cocontractants ne seront tenus pour responsables de tout dommage sp\u00e9cifique, indirect ou direct, ou de tout dommage, quel qu\u2019il soit, r\u00e9sultant de l\u2019acc\u00e8s au site, de son utilisation, de l\u2019impossibilit\u00e9 d\u2019y acc\u00e9der, de l\u2019utiliser ou encore d\u00e9coulant de tous documents, restrictions ou recommandations et informations pr\u00e9sent\u00e9s sur ce site. Le pr\u00e9sent Site pourrait contenir des liens ou des r\u00e9f\u00e9rences \u00e0 d\u2019autres sites web. Internet \u00e9tant g\u00e9r\u00e9 de fa\u00e7on ind\u00e9pendante \u00e0 travers des milliers de sites dans le monde, les informations auxquelles l\u2019utilisateur a acc\u00e8s peuvent avoir une origine ext\u00e9rieure au pr\u00e9sent site et \u00e9chapper par cons\u00e9quent \u00e0 tout contr\u00f4le de WEAREPALLETS. Par cons\u00e9quent, n\u2019aura aucune obligation ni aucune responsabilit\u00e9 concernant les contenus disponibles et accessibles sur le Site, par l\u2019interm\u00e9diaire du Site ou en dehors du Site. L\u2019utilisateur s\u2019engage \u00e0 ne pas modifier, int\u00e9grer ni remplacer, en tout ou en partie, les informations pr\u00e9sent\u00e9es par WEAREPALLETS sur le pr\u00e9sent Site.<\/p>\n\n\n\n<div style=\"height:5px\" aria-hidden=\"true\" class=\"wp-block-spacer\"><\/div>\n\n\n\n<h3 class=\"wp-block-heading has-orange-color has-text-color has-link-color wp-elements-3e6420fee95f34eb7579a3f92f4d909a\">Remarques et communications<\/h3>\n\n\n\n<p>Les informations transmises \u00ab au site \u00bb (par courrier, courrier \u00e9lectronique ou par tout autre moyen) ne pourront \u00eatre consid\u00e9r\u00e9es comme confidentielles. WEAREPALLETS est seul destinataire des informations transmises \u00ab au site\u00bb. Conform\u00e9ment \u00e0 la loi du 06\/01\/1978 I\u2019 internaute dispose d\u2019un droit d\u2019acc\u00e8s, de rectification et d\u2019opposition aux informations le concernant qu\u2019il peut exercer \u00e0 tout moment aupr\u00e8s de : WEAREPALLETS \u2013 Rue Cantelaudette, Immeuble Le Titanium, 33 310 LORMONT<\/p>\n\n\n\n<p>WEAREPALLETS sera heureux de recevoir les remarques des utilisateurs sur le site ainsi que sur ses services, mais il est bien entendu qu\u2019elle ne sollicite aucune suggestion, aucune id\u00e9e ni aucun mat\u00e9riel relatif au d\u00e9veloppement, \u00e0 la conception, \u00e0 la fabrication ou au marketing des dits produits.<\/p>\n\n\n\n<div style=\"height:5px\" aria-hidden=\"true\" class=\"wp-block-spacer\"><\/div>\n\n\n\n<h3 class=\"wp-block-heading has-orange-color has-text-color has-link-color wp-elements-46ebad32cc0c2fea296dba7435283290\">L\u00e9gislation et juridiction comp\u00e9tente<\/h3>\n\n\n\n<p>Les pr\u00e9sentes Conditions seront r\u00e9gies interpr\u00e9t\u00e9es et appliqu\u00e9es selon la loi fran\u00e7aise, sauf indication contraire affich\u00e9e sur le site. Tout litige r\u00e9sultant de l\u2019interpr\u00e9tation et de l\u2019application des dites Conditions sera de la comp\u00e9tence exclusive des Tribunaux de Bordeaux, sauf indication contraire affich\u00e9e sur le site.<\/p>\n\n\n\n<div style=\"height:5px\" aria-hidden=\"true\" class=\"wp-block-spacer\"><\/div>\n\n\n\n<h3 class=\"wp-block-heading has-orange-color has-text-color has-link-color wp-elements-b3b43843715691e9d7f10ee1bb8fec4b\">Garantie d\u2019indemnisation<\/h3>\n\n\n\n<p>L\u2019utilisateur s\u2019engage \u00e0 indemniser la Soci\u00e9t\u00e9 pour tout litige intent\u00e9 contre elle, ou tout dommage ayant entra\u00een\u00e9 une plainte ou un pr\u00e9judice, du fait de l\u2019utilisation d\u00e9lictueuse du Site par l\u2019utilisateur. Cette indemnisation s\u2019\u00e9tend aux frais de proc\u00e9dures ainsi qu\u2019aux honoraires d\u2019avocats et \u00e0 l\u2019ensemble des frais engag\u00e9s dans le cadre du litige, dans la limite du raisonnable.<\/p>\n\n\n\n<div style=\"height:100px\" aria-hidden=\"true\" class=\"wp-block-spacer\"><\/div>\n<\/div>\n","protected":false},"excerpt":{"rendered":"<p>Legal notices WEAREPALLETS Rue Cantelaudette, Immeuble Le Titanium, 33 310 LORMONTradman@wearepallets.com EURL au Capital de 50 000 EURAPE 7022ZTVA FR64878881580 &#8211; 878 881 580 R.C.S. BordeauxSIRET 878 881 580 00012 WebDesign &amp; Cr\u00e9ation Agence S\u00f5creativ\u2019 [ design C\u00f5mmunicatif ]H15, Quai des Chartrons ~ Bordeaux S\u00f5creativ\u2019 et Visiter-barcelone.com, marque d\u00e9pos\u00e9es par S\u00f5creativ\u2019 H\u00e9bergement Serveurs &amp; Back-up [&hellip;]<\/p>\n","protected":false},"author":2,"featured_media":0,"parent":0,"menu_order":4,"comment_status":"closed","ping_status":"closed","template":"","meta":{"_acf_changed":false,"footnotes":""},"class_list":["post-466","page","type-page","status-publish","hentry"],"acf":[],"yoast_head":"<!-- This site is optimized with the Yoast SEO plugin v27.4 - https:\/\/yoast.com\/product\/yoast-seo-wordpress\/ -->\n<title>Legal notices - We Are Pallets |\u00a0Wood industry experts<\/title>\n<meta name=\"robots\" content=\"index, follow, max-snippet:-1, max-image-preview:large, max-video-preview:-1\" \/>\n<link rel=\"canonical\" href=\"https:\/\/wearepallets.com\/en\/mentions-legales\/\" \/>\n<meta property=\"og:locale\" content=\"en_US\" \/>\n<meta property=\"og:type\" content=\"article\" \/>\n<meta property=\"og:title\" content=\"Legal notices - We Are Pallets |\u00a0Wood industry experts\" \/>\n<meta property=\"og:description\" content=\"Legal notices WEAREPALLETS Rue Cantelaudette, Immeuble Le Titanium, 33 310 LORMONTradman@wearepallets.com EURL au Capital de 50 000 EURAPE 7022ZTVA FR64878881580 &#8211; 878 881 580 R.C.S. BordeauxSIRET 878 881 580 00012 WebDesign &amp; Cr\u00e9ation Agence S\u00f5creativ\u2019 [ design C\u00f5mmunicatif ]H15, Quai des Chartrons ~ Bordeaux S\u00f5creativ\u2019 et Visiter-barcelone.com, marque d\u00e9pos\u00e9es par S\u00f5creativ\u2019 H\u00e9bergement Serveurs &amp; Back-up [&hellip;]\" \/>\n<meta property=\"og:url\" content=\"https:\/\/wearepallets.com\/en\/mentions-legales\/\" \/>\n<meta property=\"og:site_name\" content=\"We Are Pallets |\u00a0Wood industry experts\" \/>\n<meta property=\"article:modified_time\" content=\"2024-10-23T10:04:59+00:00\" \/>\n<meta name=\"twitter:card\" content=\"summary_large_image\" \/>\n<meta name=\"twitter:label1\" content=\"Est. reading time\" \/>\n\t<meta name=\"twitter:data1\" content=\"4 minutes\" \/>\n<script type=\"application\/ld+json\" class=\"yoast-schema-graph\">{\"@context\":\"https:\\\/\\\/schema.org\",\"@graph\":[{\"@type\":\"WebPage\",\"@id\":\"https:\\\/\\\/wearepallets.com\\\/en\\\/mentions-legales\\\/\",\"url\":\"https:\\\/\\\/wearepallets.com\\\/en\\\/mentions-legales\\\/\",\"name\":\"Legal notices - We Are Pallets |\u00a0Wood industry experts\",\"isPartOf\":{\"@id\":\"https:\\\/\\\/wearepallets.com\\\/en\\\/#website\"},\"datePublished\":\"2024-07-09T09:47:53+00:00\",\"dateModified\":\"2024-10-23T10:04:59+00:00\",\"breadcrumb\":{\"@id\":\"https:\\\/\\\/wearepallets.com\\\/en\\\/mentions-legales\\\/#breadcrumb\"},\"inLanguage\":\"en-US\",\"potentialAction\":[{\"@type\":\"ReadAction\",\"target\":[\"https:\\\/\\\/wearepallets.com\\\/en\\\/mentions-legales\\\/\"]}]},{\"@type\":\"BreadcrumbList\",\"@id\":\"https:\\\/\\\/wearepallets.com\\\/en\\\/mentions-legales\\\/#breadcrumb\",\"itemListElement\":[{\"@type\":\"ListItem\",\"position\":1,\"name\":\"Accueil\",\"item\":\"https:\\\/\\\/wearepallets.com\\\/en\\\/\"},{\"@type\":\"ListItem\",\"position\":2,\"name\":\"Legal notices\"}]},{\"@type\":\"WebSite\",\"@id\":\"https:\\\/\\\/wearepallets.com\\\/en\\\/#website\",\"url\":\"https:\\\/\\\/wearepallets.com\\\/en\\\/\",\"name\":\"We Are Pallets |\u00a0Experts de l\u2019industrie du bois\",\"description\":\"Wood industry experts\",\"publisher\":{\"@id\":\"https:\\\/\\\/wearepallets.com\\\/en\\\/#organization\"},\"potentialAction\":[{\"@type\":\"SearchAction\",\"target\":{\"@type\":\"EntryPoint\",\"urlTemplate\":\"https:\\\/\\\/wearepallets.com\\\/en\\\/?s={search_term_string}\"},\"query-input\":{\"@type\":\"PropertyValueSpecification\",\"valueRequired\":true,\"valueName\":\"search_term_string\"}}],\"inLanguage\":\"en-US\"},{\"@type\":\"Organization\",\"@id\":\"https:\\\/\\\/wearepallets.com\\\/en\\\/#organization\",\"name\":\"We Are Pallets |\u00a0Experts de l\u2019industrie du bois\",\"url\":\"https:\\\/\\\/wearepallets.com\\\/en\\\/\",\"logo\":{\"@type\":\"ImageObject\",\"inLanguage\":\"en-US\",\"@id\":\"https:\\\/\\\/wearepallets.com\\\/en\\\/#\\\/schema\\\/logo\\\/image\\\/\",\"url\":\"https:\\\/\\\/wearepallets.com\\\/wp-content\\\/uploads\\\/Frame-1.svg\",\"contentUrl\":\"https:\\\/\\\/wearepallets.com\\\/wp-content\\\/uploads\\\/Frame-1.svg\",\"width\":1,\"height\":1,\"caption\":\"We Are Pallets |\u00a0Experts de l\u2019industrie du bois\"},\"image\":{\"@id\":\"https:\\\/\\\/wearepallets.com\\\/en\\\/#\\\/schema\\\/logo\\\/image\\\/\"},\"sameAs\":[\"https:\\\/\\\/www.linkedin.com\\\/company\\\/we-are-pallets-france\\\/\"]}]}<\/script>\n<!-- \/ Yoast SEO plugin. -->","yoast_head_json":{"title":"Legal notices - We Are Pallets |\u00a0Wood industry experts","robots":{"index":"index","follow":"follow","max-snippet":"max-snippet:-1","max-image-preview":"max-image-preview:large","max-video-preview":"max-video-preview:-1"},"canonical":"https:\/\/wearepallets.com\/en\/mentions-legales\/","og_locale":"en_US","og_type":"article","og_title":"Legal notices - We Are Pallets |\u00a0Wood industry experts","og_description":"Legal notices WEAREPALLETS Rue Cantelaudette, Immeuble Le Titanium, 33 310 LORMONTradman@wearepallets.com EURL au Capital de 50 000 EURAPE 7022ZTVA FR64878881580 &#8211; 878 881 580 R.C.S. BordeauxSIRET 878 881 580 00012 WebDesign &amp; Cr\u00e9ation Agence S\u00f5creativ\u2019 [ design C\u00f5mmunicatif ]H15, Quai des Chartrons ~ Bordeaux S\u00f5creativ\u2019 et Visiter-barcelone.com, marque d\u00e9pos\u00e9es par S\u00f5creativ\u2019 H\u00e9bergement Serveurs &amp; Back-up [&hellip;]","og_url":"https:\/\/wearepallets.com\/en\/mentions-legales\/","og_site_name":"We Are Pallets |\u00a0Wood industry experts","article_modified_time":"2024-10-23T10:04:59+00:00","twitter_card":"summary_large_image","twitter_misc":{"Est. reading time":"4 minutes"},"schema":{"@context":"https:\/\/schema.org","@graph":[{"@type":"WebPage","@id":"https:\/\/wearepallets.com\/en\/mentions-legales\/","url":"https:\/\/wearepallets.com\/en\/mentions-legales\/","name":"Legal notices - We Are Pallets |\u00a0Wood industry experts","isPartOf":{"@id":"https:\/\/wearepallets.com\/en\/#website"},"datePublished":"2024-07-09T09:47:53+00:00","dateModified":"2024-10-23T10:04:59+00:00","breadcrumb":{"@id":"https:\/\/wearepallets.com\/en\/mentions-legales\/#breadcrumb"},"inLanguage":"en-US","potentialAction":[{"@type":"ReadAction","target":["https:\/\/wearepallets.com\/en\/mentions-legales\/"]}]},{"@type":"BreadcrumbList","@id":"https:\/\/wearepallets.com\/en\/mentions-legales\/#breadcrumb","itemListElement":[{"@type":"ListItem","position":1,"name":"Accueil","item":"https:\/\/wearepallets.com\/en\/"},{"@type":"ListItem","position":2,"name":"Legal notices"}]},{"@type":"WebSite","@id":"https:\/\/wearepallets.com\/en\/#website","url":"https:\/\/wearepallets.com\/en\/","name":"We Are Pallets |\u00a0Experts de l\u2019industrie du bois","description":"Wood industry experts","publisher":{"@id":"https:\/\/wearepallets.com\/en\/#organization"},"potentialAction":[{"@type":"SearchAction","target":{"@type":"EntryPoint","urlTemplate":"https:\/\/wearepallets.com\/en\/?s={search_term_string}"},"query-input":{"@type":"PropertyValueSpecification","valueRequired":true,"valueName":"search_term_string"}}],"inLanguage":"en-US"},{"@type":"Organization","@id":"https:\/\/wearepallets.com\/en\/#organization","name":"We Are Pallets |\u00a0Experts de l\u2019industrie du bois","url":"https:\/\/wearepallets.com\/en\/","logo":{"@type":"ImageObject","inLanguage":"en-US","@id":"https:\/\/wearepallets.com\/en\/#\/schema\/logo\/image\/","url":"https:\/\/wearepallets.com\/wp-content\/uploads\/Frame-1.svg","contentUrl":"https:\/\/wearepallets.com\/wp-content\/uploads\/Frame-1.svg","width":1,"height":1,"caption":"We Are Pallets |\u00a0Experts de l\u2019industrie du bois"},"image":{"@id":"https:\/\/wearepallets.com\/en\/#\/schema\/logo\/image\/"},"sameAs":["https:\/\/www.linkedin.com\/company\/we-are-pallets-france\/"]}]}},"_links":{"self":[{"href":"https:\/\/wearepallets.com\/en\/wp-json\/wp\/v2\/pages\/466","targetHints":{"allow":["GET"]}}],"collection":[{"href":"https:\/\/wearepallets.com\/en\/wp-json\/wp\/v2\/pages"}],"about":[{"href":"https:\/\/wearepallets.com\/en\/wp-json\/wp\/v2\/types\/page"}],"author":[{"embeddable":true,"href":"https:\/\/wearepallets.com\/en\/wp-json\/wp\/v2\/users\/2"}],"replies":[{"embeddable":true,"href":"https:\/\/wearepallets.com\/en\/wp-json\/wp\/v2\/comments?post=466"}],"version-history":[{"count":4,"href":"https:\/\/wearepallets.com\/en\/wp-json\/wp\/v2\/pages\/466\/revisions"}],"predecessor-version":[{"id":1340,"href":"https:\/\/wearepallets.com\/en\/wp-json\/wp\/v2\/pages\/466\/revisions\/1340"}],"wp:attachment":[{"href":"https:\/\/wearepallets.com\/en\/wp-json\/wp\/v2\/media?parent=466"}],"curies":[{"name":"wp","href":"https:\/\/api.w.org\/{rel}","templated":true}]}}